{"id":143,"date":"2023-12-13T19:04:13","date_gmt":"2023-12-13T19:04:13","guid":{"rendered":"https:\/\/sophiemisson.co\/?page_id=143"},"modified":"2025-11-07T09:11:19","modified_gmt":"2025-11-07T09:11:19","slug":"activation","status":"publish","type":"page","link":"https:\/\/sophiemisson.co\/en\/","title":{"rendered":"Activate your community"},"content":{"rendered":"<div class=\"wp-block-uagb-container uagb-block-0eaba31d alignfull uagb-is-root-container\"><div class=\"uagb-container-inner-blocks-wrap\">\n<div class=\"wp-block-uagb-container uagb-block-5381f946\">\n<div class=\"wp-block-group is-vertical is-layout-flex wp-container-core-group-is-layout-fe9cc265 wp-block-group-is-layout-flex\">\n<h2 class=\"wp-block-heading has-ast-global-color-4-color has-text-color has-link-color wp-elements-7a58050472fd0550c11af17859c84f6c\">Develop your business for nature<\/h2>\n\n\n\n<p class=\"has-ast-global-color-4-color has-text-color has-link-color has-medium-font-size wp-elements-b18c31aa6ccb5a9be3e4c78d06aafbd9\">Activate your community of clients, members, volunteers, partners and beneficiaries! Receive effective resources, open source tools, methods, and frameworks to develop your business with an authentic and ethical marketing strategy.<\/p>\n<\/div>\n\n\n\n<div style=\"height:20px\" aria-hidden=\"true\" class=\"wp-block-spacer\"><\/div>\n\n\n\n<div class=\"wp-block-buttons has-custom-font-size has-medium-font-size is-content-justification-space-between is-layout-flex wp-container-core-buttons-is-layout-b2891da8 wp-block-buttons-is-layout-flex\">\n<div class=\"wp-block-button\"><a class=\"wp-block-button__link has-medium-font-size has-custom-font-size wp-element-button\" href=\"https:\/\/cal.com\/sophiemisson\/seance-de-bilan-personnalise\" target=\"_blank\" rel=\"noopener\">Schedule a Call<\/a><\/div>\n<\/div>\n<\/div>\n\n\n\n<div class=\"wp-block-uagb-container uagb-block-3ebdeb23\">\n<figure class=\"wp-block-image aligncenter size-large is-resized has-custom-border is-style-rounded\"><img loading=\"lazy\" decoding=\"async\" width=\"768\" height=\"1024\" src=\"https:\/\/sophiemisson.co\/wp-content\/uploads\/2024\/11\/signal-2024-07-15-10-44-47-357-1-768x1024.jpg\" alt=\"Sophie Misson\" class=\"wp-image-499\" style=\"border-radius:18px;width:302px;height:auto\" srcset=\"https:\/\/sophiemisson.co\/wp-content\/uploads\/2024\/11\/signal-2024-07-15-10-44-47-357-1-768x1024.jpg 768w, https:\/\/sophiemisson.co\/wp-content\/uploads\/2024\/11\/signal-2024-07-15-10-44-47-357-1-600x800.jpg 600w, https:\/\/sophiemisson.co\/wp-content\/uploads\/2024\/11\/signal-2024-07-15-10-44-47-357-1-225x300.jpg 225w, https:\/\/sophiemisson.co\/wp-content\/uploads\/2024\/11\/signal-2024-07-15-10-44-47-357-1-1152x1536.jpg 1152w, https:\/\/sophiemisson.co\/wp-content\/uploads\/2024\/11\/signal-2024-07-15-10-44-47-357-1-9x12.jpg 9w, https:\/\/sophiemisson.co\/wp-content\/uploads\/2024\/11\/signal-2024-07-15-10-44-47-357-1.jpg 1200w\" sizes=\"auto, (max-width: 768px) 100vw, 768px\" \/><\/figure>\n<\/div>\n<\/div><\/div>\n\n\n\n<div style=\"height:100px\" aria-hidden=\"true\" class=\"wp-block-spacer\"><\/div>\n\n\n\n<div data-aos= \"zoom-in-up\" data-aos-duration=\"400\" data-aos-delay=\"0\" data-aos-easing=\"ease\" data-aos-once=\"true\" class=\"wp-block-uagb-container uagb-block-d07388f4 alignfull uagb-is-root-container\"><div class=\"uagb-container-inner-blocks-wrap\">\n<div class=\"wp-block-group is-vertical is-content-justification-center is-layout-flex wp-container-core-group-is-layout-ce155fab wp-block-group-is-layout-flex\">\n<h2 class=\"wp-block-heading has-text-align-center\">Services<\/h2>\n\n\n\n<p class=\"has-text-align-center\">I offer a tailor-made support to give you the tools and methods to successfully develop your business or project in line with your ethics and values. <\/p>\n<\/div>\n\n\n\n<div class=\"wp-block-columns is-layout-flex wp-container-core-columns-is-layout-14cf5ab5 wp-block-columns-is-layout-flex\">\n<div class=\"wp-block-column is-layout-flow wp-block-column-is-layout-flow\">\n<div class=\"wp-block-group is-vertical is-content-justification-center is-layout-flex wp-container-core-group-is-layout-42189a28 wp-block-group-is-layout-flex\" style=\"padding-top:0;padding-bottom:0\">      \n\t\t\t<div class=\"uagb-icon-wrapper uagb-block-227f9c9b\"\n\t\t\tstyle=\"\" >\n\t\t\t\t\t\t\t\t\t<span class=\"uagb-svg-wrapper\" \n\t\t\t\t\t aria-label=\"bullseye\"\t\t\t\t\ttabindex=\"0\">\t\t\n\t\t\t\t\t\t\t\t\t\t<svg xmlns=\"https:\/\/www.w3.org\/2000\/svg\" viewbox= \"0 0 512 512\" role=\"graphics-symbol\" aria-hidden=\"false\" aria-label=\"\"><path d=\"M288 256C288 273.7 273.7 288 256 288C238.3 288 224 273.7 224 256C224 238.3 238.3 224 256 224C273.7 224 288 238.3 288 256zM112 256C112 176.5 176.5 112 256 112C335.5 112 400 176.5 400 256C400 335.5 335.5 400 256 400C176.5 400 112 335.5 112 256zM256 336C300.2 336 336 300.2 336 256C336 211.8 300.2 176 256 176C211.8 176 176 211.8 176 256C176 300.2 211.8 336 256 336zM512 256C512 397.4 397.4 512 256 512C114.6 512 0 397.4 0 256C0 114.6 114.6 0 256 0C397.4 0 512 114.6 512 256zM256 64C149.1 64 64 149.1 64 256C64 362 149.1 448 256 448C362 448 448 362 448 256C448 149.1 362 64 256 64z\"><\/path><\/svg>\n\t\t\t\t\t\t\t\t\t<\/span>\n\t\t\t\t\t\t\t<\/div>\n\t\t\t\n\n\n<h3 class=\"wp-block-heading has-text-align-center has-ast-global-color-1-color has-text-color has-link-color wp-elements-9c11d7c5fe66d75231a90570ee6ea02d\">Marketing Strategy<\/h3>\n<\/div>\n\n\n\n<p class=\"has-text-align-center\">Define and implement an ethical marketing strategy aligned with your identity and values; Discover marketing best practices to avoid caveats of greenwashing and learn how to use AI ethically.<\/p>\n<\/div>\n\n\n\n<div class=\"wp-block-column is-layout-flow wp-block-column-is-layout-flow\">\n<div class=\"wp-block-group is-vertical is-content-justification-center is-layout-flex wp-container-core-group-is-layout-42189a28 wp-block-group-is-layout-flex\" style=\"padding-top:0;padding-bottom:0\">      \n\t\t\t<div class=\"uagb-icon-wrapper uagb-block-930fd3bf\"\n\t\t\tstyle=\"\" >\n\t\t\t\t\t\t\t\t\t<span class=\"uagb-svg-wrapper\" \n\t\t\t\t\t aria-label=\"toolbox\"\t\t\t\t\ttabindex=\"0\">\t\t\n\t\t\t\t\t\t\t\t\t\t<svg xmlns=\"https:\/\/www.w3.org\/2000\/svg\" viewbox= \"0 0 512 512\" role=\"graphics-symbol\" aria-hidden=\"false\" aria-label=\"\"><path d=\"M502.6 182.6l-45.25-45.25C451.4 131.4 443.3 128 434.8 128H384V80C384 53.5 362.5 32 336 32h-160C149.5 32 128 53.5 128 80V128H77.25c-8.5 0-16.62 3.375-22.62 9.375L9.375 182.6C3.375 188.6 0 196.8 0 205.3V304h128v-32C128 263.1 135.1 256 144 256h32C184.9 256 192 263.1 192 272v32h128v-32C320 263.1 327.1 256 336 256h32C376.9 256 384 263.1 384 272v32h128V205.3C512 196.8 508.6 188.6 502.6 182.6zM336 128h-160V80h160V128zM384 368c0 8.875-7.125 16-16 16h-32c-8.875 0-16-7.125-16-16v-32H192v32C192 376.9 184.9 384 176 384h-32C135.1 384 128 376.9 128 368v-32H0V448c0 17.62 14.38 32 32 32h448c17.62 0 32-14.38 32-32v-112h-128V368z\"><\/path><\/svg>\n\t\t\t\t\t\t\t\t\t<\/span>\n\t\t\t\t\t\t\t<\/div>\n\t\t\t\n\n\n<h3 class=\"wp-block-heading has-text-align-center has-ast-global-color-1-color has-text-color has-link-color wp-elements-d27ca572fab7ea39d99b945cefe3c9b7\">Tools Integration<\/h3>\n<\/div>\n\n\n\n<p class=\"has-text-align-center\">Implement appropriate free and open source marketing tools to develop a community around your project including website, CRM, community management tool...<\/p>\n<\/div>\n\n\n\n<div class=\"wp-block-column is-layout-flow wp-block-column-is-layout-flow\">\n<div class=\"wp-block-group is-vertical is-content-justification-center is-layout-flex wp-container-core-group-is-layout-42189a28 wp-block-group-is-layout-flex\" style=\"padding-top:0;padding-bottom:0\">      \n\t\t\t<div class=\"uagb-icon-wrapper uagb-block-99bb6b58\"\n\t\t\tstyle=\"\" >\n\t\t\t\t\t\t\t\t\t<span class=\"uagb-svg-wrapper\" \n\t\t\t\t\t aria-label=\"play\"\t\t\t\t\ttabindex=\"0\">\t\t\n\t\t\t\t\t\t\t\t\t\t<svg xmlns=\"https:\/\/www.w3.org\/2000\/svg\" viewbox= \"0 0 384 512\" role=\"graphics-symbol\" aria-hidden=\"false\" aria-label=\"\"><path d=\"M361 215C375.3 223.8 384 239.3 384 256C384 272.7 375.3 288.2 361 296.1L73.03 472.1C58.21 482 39.66 482.4 24.52 473.9C9.377 465.4 0 449.4 0 432V80C0 62.64 9.377 46.63 24.52 38.13C39.66 29.64 58.21 29.99 73.03 39.04L361 215z\"><\/path><\/svg>\n\t\t\t\t\t\t\t\t\t<\/span>\n\t\t\t\t\t\t\t<\/div>\n\t\t\t\n\n\n<h3 class=\"wp-block-heading has-text-align-center has-ast-global-color-1-color has-text-color has-link-color wp-elements-de5d44bef6a9ae666425351393fa6070\">Purpose &amp; Impact<\/h3>\n<\/div>\n\n\n\n<p class=\"has-text-align-center\">Transform your organization to align its mission and practices with ethical principles in harmony with the living world;<\/p>\n<\/div>\n\n\n\n<div class=\"wp-block-column is-layout-flow wp-block-column-is-layout-flow\">\n<div class=\"wp-block-group is-vertical is-content-justification-center is-layout-flex wp-container-core-group-is-layout-42189a28 wp-block-group-is-layout-flex\" style=\"padding-top:0;padding-bottom:0\">      \n\t\t\t<div class=\"uagb-icon-wrapper uagb-block-b06bb913\"\n\t\t\tstyle=\"\" >\n\t\t\t\t\t\t\t\t\t<span class=\"uagb-svg-wrapper\" \n\t\t\t\t\t aria-label=\"people-group\"\t\t\t\t\ttabindex=\"0\">\t\t\n\t\t\t\t\t\t\t\t\t\t<svg xmlns=\"https:\/\/www.w3.org\/2000\/svg\" viewbox= \"0 0 640 512\" role=\"graphics-symbol\" aria-hidden=\"false\" aria-label=\"\"><path d=\"M184 88C184 118.9 158.9 144 128 144C97.07 144 72 118.9 72 88C72 57.07 97.07 32 128 32C158.9 32 184 57.07 184 88zM208.4 196.3C178.7 222.7 160 261.2 160 304C160 338.3 171.1 369.8 192 394.5V416C192 433.7 177.7 448 160 448H96C78.33 448 64 433.7 64 416V389.2C26.16 371.2 0 332.7 0 288C0 226.1 50.14 176 112 176H144C167.1 176 190.2 183.5 208.4 196.3V196.3zM64 245.7C54.04 256.9 48 271.8 48 288C48 304.2 54.04 319.1 64 330.3V245.7zM448 416V394.5C468 369.8 480 338.3 480 304C480 261.2 461.3 222.7 431.6 196.3C449.8 183.5 472 176 496 176H528C589.9 176 640 226.1 640 288C640 332.7 613.8 371.2 576 389.2V416C576 433.7 561.7 448 544 448H480C462.3 448 448 433.7 448 416zM576 330.3C585.1 319.1 592 304.2 592 288C592 271.8 585.1 256.9 576 245.7V330.3zM568 88C568 118.9 542.9 144 512 144C481.1 144 456 118.9 456 88C456 57.07 481.1 32 512 32C542.9 32 568 57.07 568 88zM256 96C256 60.65 284.7 32 320 32C355.3 32 384 60.65 384 96C384 131.3 355.3 160 320 160C284.7 160 256 131.3 256 96zM448 304C448 348.7 421.8 387.2 384 405.2V448C384 465.7 369.7 480 352 480H288C270.3 480 256 465.7 256 448V405.2C218.2 387.2 192 348.7 192 304C192 242.1 242.1 192 304 192H336C397.9 192 448 242.1 448 304zM256 346.3V261.7C246 272.9 240 287.8 240 304C240 320.2 246 335.1 256 346.3zM384 261.7V346.3C393.1 335 400 320.2 400 304C400 287.8 393.1 272.9 384 261.7z\"><\/path><\/svg>\n\t\t\t\t\t\t\t\t\t<\/span>\n\t\t\t\t\t\t\t<\/div>\n\t\t\t\n\n\n<h3 class=\"wp-block-heading has-text-align-center has-ast-global-color-1-color has-text-color has-link-color wp-elements-a94e9bc75454001de3ee530bec6a5e3c\">Community Activation<\/h3>\n<\/div>\n\n\n\n<p class=\"has-text-align-center\">Create and activate communities of clients, volunteers, and partners to develop sustainable coherent practices and improve your impact<\/p>\n<\/div>\n<\/div>\n<\/div><\/div>\n\n\n\n<div style=\"height:100px\" aria-hidden=\"true\" class=\"wp-block-spacer\"><\/div>\n\n\n\n<div class=\"wp-block-uagb-container uagb-block-f4151bc4 alignfull uagb-is-root-container\"><div class=\"uagb-container-inner-blocks-wrap\">\n<div style=\"height:34px\" aria-hidden=\"true\" class=\"wp-block-spacer\"><\/div>\n\n\n\n<h2 class=\"wp-block-heading has-text-align-center has-ast-global-color-4-color has-text-color has-link-color wp-elements-bc67d4b6f7055fd6fe4a16cf4150878e\">A Support Program For<\/h2>\n\n\n\n<div class=\"wp-block-uagb-container uagb-block-b8f0f024 alignfull uagb-is-root-container\"><div class=\"uagb-container-inner-blocks-wrap\">\n<div class=\"wp-block-uagb-container uagb-block-18d5b304\">\n<div class=\"wp-block-uagb-info-box uagb-block-2c7d95df uagb-infobox__content-wrap  uagb-infobox-icon-above-title uagb-infobox-image-valign-top\"><div class=\"uagb-ifb-content\"><div class=\"uagb-ifb-icon-wrap\"><svg xmlns=\"https:\/\/www.w3.org\/2000\/svg\" viewbox=\"0 0 640 512\"><path d=\"M496 224C416.4 224 352 288.4 352 368s64.38 144 144 144s144-64.38 144-144S575.6 224 496 224zM544 384h-54.25C484.4 384 480 379.6 480 374.3V304C480 295.2 487.2 288 496 288C504.8 288 512 295.2 512 304V352h32c8.838 0 16 7.162 16 16C560 376.8 552.8 384 544 384zM320.1 352H208C199.2 352 192 344.8 192 336V288H0v144C0 457.6 22.41 480 48 480h312.2C335.1 449.6 320 410.5 320 368C320 362.6 320.5 357.3 320.1 352zM496 192c5.402 0 10.72 .3301 16 .8066V144C512 118.4 489.6 96 464 96H384V48C384 22.41 361.6 0 336 0h-160C150.4 0 128 22.41 128 48V96H48C22.41 96 0 118.4 0 144V256h360.2C392.5 216.9 441.3 192 496 192zM336 96h-160V48h160V96z\"><\/path><\/svg><\/div><div class=\"uagb-ifb-title-wrap\"><h3 class=\"uagb-ifb-title\">Small Businesses<\/h3><\/div><p class=\"uagb-ifb-desc\">Solo-entrepreneurs or small family business willing to review their business and marketing strategy; and engage their community of clients or partners to have a positive impact.<\/p><\/div><\/div>\n<\/div>\n\n\n\n<div class=\"wp-block-uagb-container uagb-block-be1946e8\">\n<div class=\"wp-block-uagb-info-box uagb-block-75acbb39 uagb-infobox__content-wrap  uagb-infobox-icon-above-title uagb-infobox-image-valign-top\"><div class=\"uagb-ifb-content\"><div class=\"uagb-ifb-icon-wrap\"><svg xmlns=\"https:\/\/www.w3.org\/2000\/svg\" viewbox=\"0 0 640 512\"><path d=\"M184 88C184 118.9 158.9 144 128 144C97.07 144 72 118.9 72 88C72 57.07 97.07 32 128 32C158.9 32 184 57.07 184 88zM208.4 196.3C178.7 222.7 160 261.2 160 304C160 338.3 171.1 369.8 192 394.5V416C192 433.7 177.7 448 160 448H96C78.33 448 64 433.7 64 416V389.2C26.16 371.2 0 332.7 0 288C0 226.1 50.14 176 112 176H144C167.1 176 190.2 183.5 208.4 196.3V196.3zM64 245.7C54.04 256.9 48 271.8 48 288C48 304.2 54.04 319.1 64 330.3V245.7zM448 416V394.5C468 369.8 480 338.3 480 304C480 261.2 461.3 222.7 431.6 196.3C449.8 183.5 472 176 496 176H528C589.9 176 640 226.1 640 288C640 332.7 613.8 371.2 576 389.2V416C576 433.7 561.7 448 544 448H480C462.3 448 448 433.7 448 416zM576 330.3C585.1 319.1 592 304.2 592 288C592 271.8 585.1 256.9 576 245.7V330.3zM568 88C568 118.9 542.9 144 512 144C481.1 144 456 118.9 456 88C456 57.07 481.1 32 512 32C542.9 32 568 57.07 568 88zM256 96C256 60.65 284.7 32 320 32C355.3 32 384 60.65 384 96C384 131.3 355.3 160 320 160C284.7 160 256 131.3 256 96zM448 304C448 348.7 421.8 387.2 384 405.2V448C384 465.7 369.7 480 352 480H288C270.3 480 256 465.7 256 448V405.2C218.2 387.2 192 348.7 192 304C192 242.1 242.1 192 304 192H336C397.9 192 448 242.1 448 304zM256 346.3V261.7C246 272.9 240 287.8 240 304C240 320.2 246 335.1 256 346.3zM384 261.7V346.3C393.1 335 400 320.2 400 304C400 287.8 393.1 272.9 384 261.7z\"><\/path><\/svg><\/div><div class=\"uagb-ifb-title-wrap\"><h3 class=\"uagb-ifb-title\">Not-For-Profit<\/h3><\/div><p class=\"uagb-ifb-desc\">Not-fro-profit employees or collectives members willing to find ways to engage their community in projects related to nature, with the right tools and processes.<\/p><\/div><\/div>\n<\/div>\n\n\n\n<div class=\"wp-block-uagb-container uagb-block-10c3993b\">\n<div class=\"wp-block-uagb-info-box uagb-block-6a96884f uagb-infobox__content-wrap  uagb-infobox-icon-above-title uagb-infobox-image-valign-top\"><div class=\"uagb-ifb-content\"><div class=\"uagb-ifb-icon-wrap\"><svg xmlns=\"https:\/\/www.w3.org\/2000\/svg\" viewbox=\"0 0 640 512\"><path d=\"M144 48C144 21.49 165.5 0 192 0C218.5 0 240 21.49 240 48C240 74.51 218.5 96 192 96C165.5 96 144 74.51 144 48zM152 512C134.3 512 120 497.7 120 480V256.9L91.43 304.5C82.33 319.6 62.67 324.5 47.52 315.4C32.37 306.3 27.47 286.7 36.58 271.5L94.85 174.6C112.2 145.7 143.4 128 177.1 128H320V48C320 21.49 341.5 .0003 368 .0003H592C618.5 .0003 640 21.49 640 48V272C640 298.5 618.5 320 592 320H368C341.5 320 320 298.5 320 272V224H384V256H576V64H384V128H400C417.7 128 432 142.3 432 160C432 177.7 417.7 192 400 192H264V480C264 497.7 249.7 512 232 512C214.3 512 200 497.7 200 480V352H184V480C184 497.7 169.7 512 152 512L152 512z\"><\/path><\/svg><\/div><div class=\"uagb-ifb-title-wrap\"><h3 class=\"uagb-ifb-title\">Individuals<\/h3><\/div><p class=\"uagb-ifb-desc\">Individuals willing to engage their family members, neighbors or friends to adopt eco-friendly practices or nature related projects (community garden, community compost, zero waste contest...)<\/p><\/div><\/div>\n<\/div>\n<\/div><\/div>\n<\/div><\/div>\n\n\n\n<div style=\"height:100px\" aria-hidden=\"true\" class=\"wp-block-spacer\"><\/div>\n\n\n\n<h2 class=\"wp-block-heading has-text-align-center\">My Approach<\/h2>\n\n\n\n<p>I help entrepreneurs set up sustainable practices and activities that are more respectful of living beings, contributing to a more harmonious, free and fair world. I work with free and open source tools, alternative currencies, and solutions aligned with natural laws. I draw on methods inspired by Nature, such as the Permaentreprise model developed by Sylvain Breuzard, and I create my own methods aligned with my values and vision. <\/p>\n\n\n\n<p>Would you like to deploy these tools and methods for your business or project? As a first step, I offer a free 45-minutes appointment to take stock of your project and to share some initial useful advice. If you feel the call to continue the coaching, we can discuss the modalities during this appointment. <\/p>\n\n\n\n<div style=\"height:100px\" aria-hidden=\"true\" class=\"wp-block-spacer\"><\/div>\n\n\n\n<div class=\"wp-block-uagb-container uagb-block-78b8bcfa alignfull uagb-is-root-container\"><div class=\"uagb-container-inner-blocks-wrap\">\n<div class=\"wp-block-uagb-container uagb-block-1157a73e\">\n<div class=\"wp-block-group is-vertical is-layout-flex wp-container-core-group-is-layout-fe9cc265 wp-block-group-is-layout-flex\">\n<h2 class=\"wp-block-heading has-ast-global-color-4-color has-text-color has-link-color wp-elements-dd5e81e96d5a95b1548cc37dac514b7e\">Let's Work Together!<\/h2>\n\n\n\n<p class=\"has-ast-global-color-4-color has-text-color has-link-color has-medium-font-size wp-elements-30ad8fa8072b9df543323a910678b418\">Prends rendez-vous pour explorer comment d\u00e9ployer ton projet et activer ta communaut\u00e9 pour le vivant.<\/p>\n<\/div>\n\n\n\n<div class=\"wp-block-buttons has-custom-font-size has-medium-font-size is-content-justification-space-between is-layout-flex wp-container-core-buttons-is-layout-b2891da8 wp-block-buttons-is-layout-flex\">\n<div class=\"wp-block-button\"><a class=\"wp-block-button__link has-medium-font-size has-custom-font-size wp-element-button\" href=\"https:\/\/cal.com\/sophiemisson\/seance-de-bilan-personnalise\" target=\"_blank\" rel=\"noopener\">Schedule a Call<\/a><\/div>\n<\/div>\n<\/div>\n\n\n\n<div class=\"wp-block-uagb-container uagb-block-e000ab24\"><\/div>\n<\/div><\/div>","protected":false},"excerpt":{"rendered":"<p>D\u00e9veloppe ton activit\u00e9 pour le vivant En activant ta communaut\u00e9 de clients, de membres, de b\u00e9n\u00e9voles, de partenaires, avec des ressources, m\u00e9thodes et outils libres, align\u00e9s avec ton \u00e9thique, ton identit\u00e9 et tes valeurs! Mes Services Je te propose un accompagnement sur mesure pour d\u00e9ployer ton projet, ton offre, ta vision pour prendre soin de [&hellip;]<\/p>\n","protected":false},"author":1,"featured_media":0,"parent":0,"menu_order":0,"comment_status":"closed","ping_status":"closed","template":"","meta":{"_uag_custom_page_level_css":"","site-sidebar-layout":"default","site-content-layout":"","ast-site-content-layout":"default","site-content-style":"default","site-sidebar-style":"default","ast-global-header-display":"","ast-banner-title-visibility":"","ast-main-header-display":"","ast-hfb-above-header-display":"","ast-hfb-below-header-display":"","ast-hfb-mobile-header-display":"","site-post-title":"disabled","ast-breadcrumbs-content":"","ast-featured-img":"","footer-sml-layout":"","ast-disable-related-posts":"","theme-transparent-header-meta":"","adv-header-id-meta":"","stick-header-meta":"","header-above-stick-meta":"","header-main-stick-meta":"","header-below-stick-meta":"","astra-migrate-meta-layouts":"default","ast-page-background-enabled":"default","ast-page-background-meta":{"desktop":{"background-color":"var(--ast-global-color-4)","background-image":"","background-repeat":"repeat","background-position":"center center","background-size":"auto","background-attachment":"scroll","background-type":"","background-media":"","overlay-type":"","overlay-color":"","overlay-opacity":"","overlay-gradient":""},"tablet":{"background-color":"","background-image":"","background-repeat":"repeat","background-position":"center center","background-size":"auto","background-attachment":"scroll","background-type":"","background-media":"","overlay-type":"","overlay-color":"","overlay-opacity":"","overlay-gradient":""},"mobile":{"background-color":"","background-image":"","background-repeat":"repeat","background-position":"center center","background-size":"auto","background-attachment":"scroll","background-type":"","background-media":"","overlay-type":"","overlay-color":"","overlay-opacity":"","overlay-gradient":""}},"ast-content-background-meta":{"desktop":{"background-color":"var(--ast-global-color-5)","background-image":"","background-repeat":"repeat","background-position":"center center","background-size":"auto","background-attachment":"scroll","background-type":"","background-media":"","overlay-type":"","overlay-color":"","overlay-opacity":"","overlay-gradient":""},"tablet":{"background-color":"var(--ast-global-color-5)","background-image":"","background-repeat":"repeat","background-position":"center center","background-size":"auto","background-attachment":"scroll","background-type":"","background-media":"","overlay-type":"","overlay-color":"","overlay-opacity":"","overlay-gradient":""},"mobile":{"background-color":"var(--ast-global-color-5)","background-image":"","background-repeat":"repeat","background-position":"center center","background-size":"auto","background-attachment":"scroll","background-type":"","background-media":"","overlay-type":"","overlay-color":"","overlay-opacity":"","overlay-gradient":""}},"footnotes":""},"class_list":["post-143","page","type-page","status-publish","hentry"],"uagb_featured_image_src":{"full":false,"thumbnail":false,"medium":false,"medium_large":false,"large":false,"1536x1536":false,"2048x2048":false,"trp-custom-language-flag":false,"woocommerce_thumbnail":false,"woocommerce_single":false,"woocommerce_gallery_thumbnail":false},"uagb_author_info":{"display_name":"mapucealoreille.com","author_link":"https:\/\/sophiemisson.co\/en\/author\/mapucealoreille-com\/"},"uagb_comment_info":0,"uagb_excerpt":"D\u00e9veloppe ton activit\u00e9 pour le vivant En activant ta communaut\u00e9 de clients, de membres, de b\u00e9n\u00e9voles, de partenaires, avec des ressources, m\u00e9thodes et outils libres, align\u00e9s avec ton \u00e9thique, ton identit\u00e9 et tes valeurs! Mes Services Je te propose un accompagnement sur mesure pour d\u00e9ployer ton projet, ton offre, ta vision pour prendre soin de&hellip;","_links":{"self":[{"href":"https:\/\/sophiemisson.co\/en\/wp-json\/wp\/v2\/pages\/143","targetHints":{"allow":["GET"]}}],"collection":[{"href":"https:\/\/sophiemisson.co\/en\/wp-json\/wp\/v2\/pages"}],"about":[{"href":"https:\/\/sophiemisson.co\/en\/wp-json\/wp\/v2\/types\/page"}],"author":[{"embeddable":true,"href":"https:\/\/sophiemisson.co\/en\/wp-json\/wp\/v2\/users\/1"}],"replies":[{"embeddable":true,"href":"https:\/\/sophiemisson.co\/en\/wp-json\/wp\/v2\/comments?post=143"}],"version-history":[{"count":107,"href":"https:\/\/sophiemisson.co\/en\/wp-json\/wp\/v2\/pages\/143\/revisions"}],"predecessor-version":[{"id":1124,"href":"https:\/\/sophiemisson.co\/en\/wp-json\/wp\/v2\/pages\/143\/revisions\/1124"}],"wp:attachment":[{"href":"https:\/\/sophiemisson.co\/en\/wp-json\/wp\/v2\/media?parent=143"}],"curies":[{"name":"wp","href":"https:\/\/api.w.org\/{rel}","templated":true}]}}